{"id":92,"date":"2019-07-24T23:53:51","date_gmt":"2019-07-24T23:53:51","guid":{"rendered":"https:\/\/ampaelarmelar.org\/?page_id=92"},"modified":"2025-08-04T19:12:53","modified_gmt":"2025-08-04T19:12:53","slug":"cheque-libro","status":"publish","type":"page","link":"https:\/\/ampaelarmelar.org\/index.php\/cheque-libro\/","title":{"rendered":"Cheque Libro 2025\/26"},"content":{"rendered":"\n<p>Como en el a\u00f1o pasado, los alumnos\/as de 1\u00ba y 2\u00ba de Primaria, tienen un chequelibro de <strong>160,00 \u20ac<\/strong> que entrega el Colegio a cada familia que lo haya tramitado siguiendo el procedimiento indicado desde secretar\u00eda.<br><\/p>\n\n\n\n<p>Para poder canjearlo en la venta de libros es imprescindible que nos lo entregu\u00e9is correctamente cumplimentado y firmado a trav\u00e9s de los siguiente medios <span style=\"text-decoration: underline;\">seg\u00fan los plazos marcados por la secretar\u00eda del colegio<\/span>:<\/p>\n\n\n\n<ul class=\"wp-block-list\">\n<li>En la sercretar\u00eda en el horario de atenci\u00f3n a las familias.<\/li>\n\n\n\n<li>Por mail al AMPA: <a href=\"mailto:libros@ampaelarmelar.org\">libros@ampaelarmelar.org<\/a><\/li>\n<\/ul>\n\n\n\n<p><\/p>\n\n\n\n<p>NOTA: Este curso no tendr\u00e9is el cheque durante la campa\u00f1a de venta de libros, por lo que el plazo para la firma y el env\u00edo al AMPA ser\u00e1 ya en septiembre. <\/p>\n\n\n\n<p><br>Para confirmar el pedido y obtener el reembolso del chequelibro pod\u00e9is realizar el pedido de estas dos formas:<\/p>\n\n\n\n<blockquote class=\"wp-block-quote has-text-align-left is-layout-flow wp-block-quote-is-layout-flow\">\n<p><strong>1. Transferencia<\/strong>. Se realizar\u00e1 la transferencia por el importe total menos el valor del cheque libro. En el concepto del pago, deber\u00e1n indicar <strong><span style=\"text-decoration: underline;\">el nombre del alumno y \u00abchequelibro<\/span><\/strong>\u00bb y enviar el justificante al correo libros@ampaelarmelar.org.<\/p>\n\n\n\n<p>AMPA Colegio El Armelar &#8211; BANCO SANTANDER: ES2900493338592814111338 <\/p>\n\n\n\n<p><\/p>\n\n\n\n<p><strong>2. TVP virtual<\/strong> <strong>AMPASoft<\/strong>: Se abonar\u00e1 mediante tarjeta bacaria el pedido por el valor total y cuando recibamos el cheque libro realizaremos una abono a esa misma tarjeta por el valor del mismo.<\/p>\n<\/blockquote>\n\n\n\n<p><\/p>\n\n\n\n<p><strong><mark style=\"background-color:rgba(0, 0, 0, 0)\" class=\"has-inline-color has-red-color\">IMPORTANTE: <\/mark><\/strong><\/p>\n\n\n\n<p>\u00b7 <mark style=\"background-color:rgba(0, 0, 0, 0)\" class=\"has-inline-color has-red-color\"><strong>No se realizar\u00e1 la reserva ni la preparaci\u00f3n del pedido si no est\u00e1 abonado siguiendo alguna de las dos modalidades arriba descritas.<\/strong> <\/mark><\/p>\n\n\n\n<p>Para cualquier duda o aclaraci\u00f3n, pod\u00e9is contactar con nosotr@s a trav\u00e9s del mail <a href=\"mailto:libros@ampaelarmelar.org\">libros@ampaelarmelar.org<\/a>.<\/p>\n\n\n\n<p><\/p>\n","protected":false},"excerpt":{"rendered":"<p>Como en el a\u00f1o pasado, los alumnos\/as de 1\u00ba y 2\u00ba de Primaria, tienen un chequelibro de 160,00 \u20ac que entrega el Colegio a cada familia que lo haya tramitado siguiendo el procedimiento indicado desde secretar\u00eda. Para poder canjearlo en <a href=\"https:\/\/ampaelarmelar.org\/index.php\/cheque-libro\/\" class=\"read-more\">Leer m\u00e1s&#8230;<\/a><\/p>\n","protected":false},"author":1,"featured_media":0,"parent":0,"menu_order":0,"comment_status":"closed","ping_status":"closed","template":"","meta":{"footnotes":""},"class_list":["post-92","page","type-page","status-publish","hentry"],"jetpack_sharing_enabled":true,"_links":{"self":[{"href":"https:\/\/ampaelarmelar.org\/index.php\/wp-json\/wp\/v2\/pages\/92","targetHints":{"allow":["GET"]}}],"collection":[{"href":"https:\/\/ampaelarmelar.org\/index.php\/wp-json\/wp\/v2\/pages"}],"about":[{"href":"https:\/\/ampaelarmelar.org\/index.php\/wp-json\/wp\/v2\/types\/page"}],"author":[{"embeddable":true,"href":"https:\/\/ampaelarmelar.org\/index.php\/wp-json\/wp\/v2\/users\/1"}],"replies":[{"embeddable":true,"href":"https:\/\/ampaelarmelar.org\/index.php\/wp-json\/wp\/v2\/comments?post=92"}],"version-history":[{"count":16,"href":"https:\/\/ampaelarmelar.org\/index.php\/wp-json\/wp\/v2\/pages\/92\/revisions"}],"predecessor-version":[{"id":683,"href":"https:\/\/ampaelarmelar.org\/index.php\/wp-json\/wp\/v2\/pages\/92\/revisions\/683"}],"wp:attachment":[{"href":"https:\/\/ampaelarmelar.org\/index.php\/wp-json\/wp\/v2\/media?parent=92"}],"curies":[{"name":"wp","href":"https:\/\/api.w.org\/{rel}","templated":true}]}}