{"id":44,"date":"2019-07-24T22:28:49","date_gmt":"2019-07-24T22:28:49","guid":{"rendered":"https:\/\/ampaelarmelar.org\/?page_id=44"},"modified":"2025-08-04T19:12:18","modified_gmt":"2025-08-04T19:12:18","slug":"libros-de-texto","status":"publish","type":"page","link":"https:\/\/ampaelarmelar.org\/index.php\/libros-de-texto\/","title":{"rendered":"Libros de texto Curso 2025\/26"},"content":{"rendered":"\n<figure class=\"wp-block-image size-large\"><img loading=\"lazy\" decoding=\"async\" width=\"1024\" height=\"683\" src=\"https:\/\/ampaelarmelar.org\/wp-content\/uploads\/2020\/07\/Libros_letrero2020-1024x683.jpg\" alt=\"\" class=\"wp-image-294\" srcset=\"https:\/\/ampaelarmelar.org\/wp-content\/uploads\/2020\/07\/Libros_letrero2020-1024x683.jpg 1024w, https:\/\/ampaelarmelar.org\/wp-content\/uploads\/2020\/07\/Libros_letrero2020-300x200.jpg 300w, https:\/\/ampaelarmelar.org\/wp-content\/uploads\/2020\/07\/Libros_letrero2020-768x512.jpg 768w, https:\/\/ampaelarmelar.org\/wp-content\/uploads\/2020\/07\/Libros_letrero2020-1536x1024.jpg 1536w, https:\/\/ampaelarmelar.org\/wp-content\/uploads\/2020\/07\/Libros_letrero2020-360x240.jpg 360w, https:\/\/ampaelarmelar.org\/wp-content\/uploads\/2020\/07\/Libros_letrero2020.jpg 1728w\" sizes=\"auto, (max-width: 1024px) 100vw, 1024px\" \/><\/figure>\n\n\n\n<p>Todos los cursos, desde el AMPA El Armelar gestionamos la venta de libros de texto del colegio con el fin de facilitar a las familias su adquisici\u00f3n. <\/p>\n\n\n\n<p>Como en a\u00f1os anteriores, la campa\u00f1a de venta de libros se realizar\u00e1 EXCLUSIVAMENTE DE FORMA ON LINE  a trav\u00e9s de nuestra plataforma de gesti\u00f3n AMPASoft, a la que podr\u00e9is acceder desde el men\u00fa superior de esta p\u00e1gina. Igualmente, <span style=\"text-decoration: underline;\">en el desplegable del men\u00fa superior \u00abLibros de texto\u00bb ten\u00e9is los documentos con los libros correspondientes a cada curso.<\/span><\/p>\n\n\n\n<p><strong>La reserva y pago de libros estar\u00e1 disponible hasta el 31 de agosto de 2025, fecha en la que cerraremos la tienda on line y procederemos a la preparaci\u00f3n de los pedidos; todos aquellos pedidos pendientes de pago se cancelar\u00e1n en esta misma fecha. <\/strong><\/p>\n\n\n\n<p><\/p>\n\n\n\n<p>El procedimiento a seguir para la compra de libros ser\u00e1 el siguiente:<\/p>\n\n\n\n<blockquote class=\"wp-block-quote align=justify is-layout-flow wp-block-quote-is-layout-flow\">\n<p>1. Accederemos a AMPASoft con nuestras claves. En caso de haber olvidado las credenciales, con nuestro mail (que es el usuario) podremos solicitar de nuevo la clave en la p\u00e1gina de acceso a AMPASoft pulsando en la opci\u00f3n \u00abRecuperar contrase\u00f1a\u00bb que encontraremos en la parte de debajo a la izquierda del cajet\u00edn de acceso.<\/p>\n\n\n\n<p>2. Seleccionaremos el alumno\/a y los libros que queremos adquirir.<strong><mark style=\"background-color:rgba(0, 0, 0, 0)\" class=\"has-inline-color has-red-color\"> Es MUY IMPORTANTE que realic\u00e9is <span style=\"text-decoration: underline;\">un \u00fanico pedido por alumno\/a y que NO MEZCL\u00c9IS varios alumnos\/as en el mismo pedido aunque sean hermanos\/as<\/span>.<\/mark><\/strong><\/p>\n\n\n\n<p><mark style=\"background-color:rgba(0, 0, 0, 0)\" class=\"has-inline-color has-red-color\"> <strong><span style=\"text-decoration: underline;\">Los libros que pertenecen a la \u00abxarxa de llibres\u00bb est\u00e1n marcados en AZUL EN EL DOCUMENTO QUE TEN\u00c9IS EN EL DESPLEGABLE SUPERIOR y NO DEB\u00c9IS COMPRARLOS SI PERTENEC\u00c9IS A LA XARXA ya que se os facilitar\u00e1n directamente.<\/span><\/strong> <\/mark><\/p>\n\n\n\n<p>3. Confirmaremos la compra y seleccionaremos entre forma de pago tarjeta o transferencia bancaria. La opci\u00f3n \u00abtransferencia\u00bb se contempla para los alumnos\/as de 1\u00ba y 2\u00ba de primaria que son beneficiarios del chequelibro. En estos casos, ten\u00e9is instrucciones espec\u00edficas en el apartado \u00abChequelibro\u00bb de esta misma web.<\/p>\n\n\n\n<p>4. En el caso de tarjeta: pasaremos a la pasarela de pago, donde procederemos a abonar el pedido con tarjeta de cr\u00e9dito\/d\u00e9bito.<\/p>\n\n\n\n<p>5. En el caso de transferencia: deberemos cursarla a la cuenta de AMPA:<\/p>\n\n\n\n<p><strong>BANCO SANTANDER: ES2900493338592814111338 y enviar el justificante al correo libros@ampaelarmelar.org.<\/strong><\/p>\n<\/blockquote>\n\n\n\n<p><\/p>\n\n\n\n<p>Los libros se entregar\u00e1n directamente en la clase los primeros d\u00edas del curso.<\/p>\n\n\n\n<p>Para cualquier duda con el proceso de compra os facilitamos el siguiente tutorial de la compra de libros y el pago:&nbsp;<a href=\"http:\/\/ampaelarmelar.ampasoft.net\/ampa\/downloads\/doc\/ampaelarmelar\/c6ff4f15b7a95eeeb4916e3ac71bd3ca.pdf\">C\u00d3MO COMPRAR LOS LIBROS<\/a>&nbsp;.<br><\/p>\n\n\n\n<p><\/p>\n\n\n\n<p>Para cualquier otra duda o consulta, seguimos a vuestra disposici\u00f3n en el mail <strong><a href=\"mailto:libros@ampaelarmelar.org\">libros@ampaelarmelar.org<\/a>.<\/strong><\/p>\n","protected":false},"excerpt":{"rendered":"<p>Todos los cursos, desde el AMPA El Armelar gestionamos la venta de libros de texto del colegio con el fin de facilitar a las familias su adquisici\u00f3n. Como en a\u00f1os anteriores, la campa\u00f1a de venta de libros se realizar\u00e1 EXCLUSIVAMENTE <a href=\"https:\/\/ampaelarmelar.org\/index.php\/libros-de-texto\/\" class=\"read-more\">Leer m\u00e1s&#8230;<\/a><\/p>\n","protected":false},"author":1,"featured_media":294,"parent":0,"menu_order":0,"comment_status":"closed","ping_status":"closed","template":"","meta":{"footnotes":""},"class_list":["post-44","page","type-page","status-publish","has-post-thumbnail","hentry"],"jetpack_sharing_enabled":true,"_links":{"self":[{"href":"https:\/\/ampaelarmelar.org\/index.php\/wp-json\/wp\/v2\/pages\/44","targetHints":{"allow":["GET"]}}],"collection":[{"href":"https:\/\/ampaelarmelar.org\/index.php\/wp-json\/wp\/v2\/pages"}],"about":[{"href":"https:\/\/ampaelarmelar.org\/index.php\/wp-json\/wp\/v2\/types\/page"}],"author":[{"embeddable":true,"href":"https:\/\/ampaelarmelar.org\/index.php\/wp-json\/wp\/v2\/users\/1"}],"replies":[{"embeddable":true,"href":"https:\/\/ampaelarmelar.org\/index.php\/wp-json\/wp\/v2\/comments?post=44"}],"version-history":[{"count":29,"href":"https:\/\/ampaelarmelar.org\/index.php\/wp-json\/wp\/v2\/pages\/44\/revisions"}],"predecessor-version":[{"id":682,"href":"https:\/\/ampaelarmelar.org\/index.php\/wp-json\/wp\/v2\/pages\/44\/revisions\/682"}],"wp:featuredmedia":[{"embeddable":true,"href":"https:\/\/ampaelarmelar.org\/index.php\/wp-json\/wp\/v2\/media\/294"}],"wp:attachment":[{"href":"https:\/\/ampaelarmelar.org\/index.php\/wp-json\/wp\/v2\/media?parent=44"}],"curies":[{"name":"wp","href":"https:\/\/api.w.org\/{rel}","templated":true}]}}