{"id":28,"date":"2019-07-24T21:50:07","date_gmt":"2019-07-24T21:50:07","guid":{"rendered":"https:\/\/ampaelarmelar.org\/?page_id=28"},"modified":"2025-07-22T20:40:18","modified_gmt":"2025-07-22T20:40:18","slug":"actividades-deportivas","status":"publish","type":"page","link":"https:\/\/ampaelarmelar.org\/index.php\/actividades-deportivas\/","title":{"rendered":"Actividades extraescolares"},"content":{"rendered":"\n<p>Como cada curso, desde el AMPA El Armelar organizamos diferentes actividades extraescolares en el colegio para todo el alumnado, desde educaci\u00f3n infantil hasta bachillerato.<\/p>\n\n\n\n<p>Este curso 2025\/26,&nbsp;<strong>las actividades comenzar\u00e1n el&nbsp;mi\u00e9rcoles 1 de octubre de 2025 y finalizar\u00e1n el viernes 29 de mayo de 2026<\/strong>.<br><\/p>\n\n\n\n<p>Pod\u00e9is consultarlas indicaciones y condiciones de las actividades as\u00ed como los horarios y precios en los siguientes enlaces:<\/p>\n\n\n\n<ul class=\"wp-block-list\">\n<li><a href=\"https:\/\/ampaelarmelar.org\/wp-content\/uploads\/2025\/07\/2025_26_Tablas_horarios_y_precios_deporte.pdf\" data-type=\"link\" data-id=\"https:\/\/ampaelarmelar.org\/wp-content\/uploads\/2024\/06\/2024_2025_Horarios_y_precios_deporte.pdf\" target=\"_blank\" rel=\"noreferrer noopener\"><strong><mark style=\"background-color:rgba(0, 0, 0, 0)\" class=\"has-inline-color has-yellow-color\">PRECIOS Y HORARIOS DE LAS ACTIVIDADES<\/mark><\/strong>.<\/a><\/li>\n<\/ul>\n\n\n\n<ul class=\"wp-block-list\">\n<li><strong><a href=\"https:\/\/ampaelarmelar.org\/wp-content\/uploads\/2025\/07\/2025_26_Condiciones_deporte.pdf\" data-type=\"link\" data-id=\"https:\/\/ampaelarmelar.org\/wp-content\/uploads\/2024\/05\/2024_2025_Condiciones_deporte.pdf\" target=\"_blank\" rel=\"noreferrer noopener\"><mark style=\"background-color:rgba(0, 0, 0, 0)\" class=\"has-inline-color has-yellow-color\">INDICACIONES Y CONDICIONES DE LAS ACTIVIDADES<\/mark><\/a><\/strong><\/li>\n<\/ul>\n\n\n\n<ul class=\"wp-block-list\">\n<li><strong><a href=\"https:\/\/ampaelarmelar.org\/wp-content\/uploads\/2025\/07\/EQUIPACION-EL-ARMELAR-2025-26.pdf\" data-type=\"link\" data-id=\"https:\/\/ampaelarmelar.org\/wp-content\/uploads\/2025\/07\/EQUIPACION-EL-ARMELAR-2025-26.pdf\"><mark style=\"background-color:rgba(0, 0, 0, 0)\" class=\"has-inline-color has-yellow-color\">DOSIER NUEVAS EQUIPACIONES FUTBOL, BALONCESTO Y VOLEY<\/mark><\/a><\/strong><\/li>\n<\/ul>\n\n\n\n<div style=\"height:36px\" aria-hidden=\"true\" class=\"wp-block-spacer\"><\/div>\n\n\n\n<hr class=\"wp-block-separator has-alpha-channel-opacity is-style-wide\"\/>\n\n\n\n<p><strong>PLAZOS DE INSCRIPCI\u00d3N<\/strong><\/p>\n\n\n\n<p>\u00b7 Preinscripci\u00f3n <strong>en AMPASoft<\/strong>: del <strong>viernes 18 de Julio de 2025 al lunes 28 de julio de 2025<\/strong>, ambos incluidos.<\/p>\n\n\n\n<p>\u00b7 Confirmaci\u00f3n equipos\/grupos y horarios prevista para los d\u00edas <strong>30 \u2013 31 de julio de 2025.<\/strong><\/p>\n\n\n\n<div style=\"height:36px\" aria-hidden=\"true\" class=\"wp-block-spacer\"><\/div>\n\n\n\n<blockquote class=\"wp-block-quote is-layout-flow wp-block-quote-is-layout-flow\">\n<p><strong>CONSIDERACIONES IMPORTANTES<\/strong><\/p>\n\n\n\n<p>\u00b7\u00b7 El pago de las Actividades Extraescolares es anual y se realizar\u00e1 en 4 plazos, los meses de octubre, diciembre, febrero y abril, correspondiendo cada uno de ellos a un bimestre:<\/p>\n\n\n\n<ul class=\"wp-block-list\">\n<li>PAGO 1 \u2013 Del 5 al 10 de octubre: meses octubre y noviembre<\/li>\n\n\n\n<li>PAGO 2 \u2013 Del 5 al 10 de diciembre: meses diciembre y enero<\/li>\n\n\n\n<li>PAGO 3 \u2013 Del 5 al 10 de febrero: meses febrero y marzo<\/li>\n\n\n\n<li>PAGO 3 \u2013 Del 5 al 10 de abril: meses abril y mayo (en este recibo se aplicar\u00e1n los descuentos familiares)<\/li>\n<\/ul>\n\n\n\n<p>\u00b7 El importe del deporte se encuentra prorrateado en los 8 meses de actividad, por lo que los recibos no variar\u00e1n en casos de meses con m\u00e1s o menos d\u00edas lectivos ni por vacaciones escolares.<\/p>\n\n\n\n<p>\u00b7 <strong>MUY IMPORTANTE<\/strong>: Ser\u00e1 <strong>imprescindible<\/strong> tener una cuenta bancaria asignada en AMPASoft para la domiciliaci\u00f3n de los recibos.<\/p>\n\n\n\n<p>\u00b7 Si necesit\u00e1is alg\u00fan cambio en la matricula deber\u00e9is solicitarlo&nbsp;<strong>a trav\u00e9s del mail del AMPA:<\/strong> <a href=\"mailto:hola@ampaelarmelar.org\" target=\"_blank\" rel=\"noreferrer noopener\"><strong>deporte@ampaelarmelar.org<\/strong><\/a><strong>&nbsp;<u>antes del d\u00eda 25 del mes anterior<\/u> al inicio del bimestre siguiente en el que se efectuar\u00e1 el cambio.<\/strong>&nbsp;<strong>No s\u00f3lo es necesario avisar al entrenador\/a,<mark style=\"background-color:rgba(0, 0, 0, 0)\" class=\"has-inline-color has-red-color\"> <u>es imprescindible notificar los cambios por mail<\/u><\/mark>. <\/strong>Por tanto, los cambios s\u00f3lo se realizar\u00e1n hasta el 25 de noviembre en el caso del segundo bimestre, hasta el 25 de enero para los cambios del tercer bimestre y hasta el 25 de marzo para los cambios del \u00faltimo bimestre. <strong>No ser\u00e1 posible realizar ning\u00fan cambio o baja en los periodos intermedios.<\/strong><\/p>\n\n\n\n<p>\u00b7 Los recibos se girar\u00e1n&nbsp;del <strong>5 al 10 del mes correspondiente al inicio de cada bimestre<\/strong>.&nbsp;En caso de devoluci\u00f3n de un recibo, se facturar\u00e1n&nbsp;<strong>9\u20ac por recibo en concepto de gastos de devoluci\u00f3n y recobro<\/strong>.<\/p>\n\n\n\n<p>\u00b7 Ser\u00e1 necesario contar con un grupo m\u00ednimo de alumnado en cada actividad y horario para ponerla en marcha. Se confirmar\u00e1 en la fecha de confirmaci\u00f3n de grupos.<\/p>\n<\/blockquote>\n\n\n\n<p><\/p>\n\n\n\n<p>Como todos los a\u00f1os, en el \u00faltimo recibo del mes de abril se aplicar\u00e1n descuentos seg\u00fan el n\u00famero de hijos\/as inscritos en las Actividades Deportivas del AMPA El Armelar y el descuento de familia numerosa.<\/p>\n\n\n\n<p><\/p>\n\n\n\n<div class=\"wp-block-group\"><div class=\"wp-block-group__inner-container is-layout-flow wp-block-group-is-layout-flow\">\n<blockquote class=\"wp-block-quote is-layout-flow wp-block-quote-is-layout-flow\">\n<p>&nbsp;Estos descuentos son: &nbsp; &nbsp;<\/p>\n\n\n\n<p>\u00b7 El 2\u00ba hijo\/a pagar\u00e1 el 80% de la cuota<\/p>\n\n\n\n<p>\u00b7 El 3\u00ba hijo\/a pagar\u00e1 el 70% de la cuota<\/p>\n\n\n\n<p>\u00b7 A partir del 4\u00ba hijo\/a la cuota es gratuita<\/p>\n<\/blockquote>\n<\/div><\/div>\n\n\n\n\n\n<p>IMPORTANTE: <mark style=\"background-color:rgba(0, 0, 0, 0)\" class=\"has-inline-color has-red-color\"><strong>El alumno\/a deber\u00e1 estar inscrito el curso completo para beneficiarse del descuento<\/strong>.<\/mark> Los descuentos por hermanos\/as&nbsp;se modificar\u00e1n en caso de baja de alguno de los hermanos\/as.<\/p>\n\n\n\n<p><\/p>\n\n\n\n<p><strong>REQUISITOS PARA REALIZAR LA PREINSCRIPCI\u00d3N:<\/strong><\/p>\n\n\n\n<ul class=\"wp-block-list\">\n<li>DNI &nbsp;actualizado en AMPASoft<\/li>\n\n\n\n<li>FECHA DE NACIMIENTO<\/li>\n\n\n\n<li>N\u00daMERO DE CUENTA BANCARIA actualizado en AMPASoft.<\/li>\n\n\n\n<li>HACER LA PREINSCRIPCI\u00d3N DEL SERVICIO en los plazos estableceidos.<\/li>\n\n\n\n<li><strong><mark style=\"background-color:rgba(0, 0, 0, 0)\" class=\"has-inline-color has-red-color\">ESTAR AL CORRIENTE DE LOS PAGOS DEL CURSO ANTERIOR<\/mark><\/strong><\/li>\n<\/ul>\n\n\n\n<p><\/p>\n","protected":false},"excerpt":{"rendered":"<p>Como cada curso, desde el AMPA El Armelar organizamos diferentes actividades extraescolares en el colegio para todo el alumnado, desde educaci\u00f3n infantil hasta bachillerato. Este curso 2025\/26,&nbsp;las actividades comenzar\u00e1n el&nbsp;mi\u00e9rcoles 1 de octubre de 2025 y finalizar\u00e1n el viernes 29 <a href=\"https:\/\/ampaelarmelar.org\/index.php\/actividades-deportivas\/\" class=\"read-more\">Leer m\u00e1s&#8230;<\/a><\/p>\n","protected":false},"author":1,"featured_media":0,"parent":0,"menu_order":0,"comment_status":"closed","ping_status":"closed","template":"","meta":{"footnotes":""},"class_list":["post-28","page","type-page","status-publish","hentry"],"jetpack_sharing_enabled":true,"_links":{"self":[{"href":"https:\/\/ampaelarmelar.org\/index.php\/wp-json\/wp\/v2\/pages\/28","targetHints":{"allow":["GET"]}}],"collection":[{"href":"https:\/\/ampaelarmelar.org\/index.php\/wp-json\/wp\/v2\/pages"}],"about":[{"href":"https:\/\/ampaelarmelar.org\/index.php\/wp-json\/wp\/v2\/types\/page"}],"author":[{"embeddable":true,"href":"https:\/\/ampaelarmelar.org\/index.php\/wp-json\/wp\/v2\/users\/1"}],"replies":[{"embeddable":true,"href":"https:\/\/ampaelarmelar.org\/index.php\/wp-json\/wp\/v2\/comments?post=28"}],"version-history":[{"count":49,"href":"https:\/\/ampaelarmelar.org\/index.php\/wp-json\/wp\/v2\/pages\/28\/revisions"}],"predecessor-version":[{"id":680,"href":"https:\/\/ampaelarmelar.org\/index.php\/wp-json\/wp\/v2\/pages\/28\/revisions\/680"}],"wp:attachment":[{"href":"https:\/\/ampaelarmelar.org\/index.php\/wp-json\/wp\/v2\/media?parent=28"}],"curies":[{"name":"wp","href":"https:\/\/api.w.org\/{rel}","templated":true}]}}