{"id":105,"date":"2019-07-25T00:21:00","date_gmt":"2019-07-25T00:21:00","guid":{"rendered":"https:\/\/ampaelarmelar.org\/?page_id=105"},"modified":"2019-07-25T00:48:20","modified_gmt":"2019-07-25T00:48:20","slug":"aula-tiempo-libre","status":"publish","type":"page","link":"https:\/\/ampaelarmelar.org\/index.php\/aula-tiempo-libre\/","title":{"rendered":"Aula tiempo libre"},"content":{"rendered":"\n<p>Como ya iniciamos el curso pasado, este curso seguiremos ofertando a las familias el servicio de&nbsp;AULA DE TIEMPO LIBRE.,&nbsp;servicio atendido por monitores\/as de ocio y tiempo libre para:<\/p>\n\n\n\n<ul class=\"wp-block-list\"><li>los hijos de mam\u00e1s o pap\u00e1s inscritos en pilates<\/li><li>para hermanos de alumnos inscritos en las actividades deportivas del AMPA EL ARMELAR<\/li><\/ul>\n\n\n\n<p><\/p>\n\n\n\n<blockquote class=\"wp-block-quote is-layout-flow wp-block-quote-is-layout-flow\"><p>\u00b7 El horario del aula ser\u00e1 de 16:30 a 18:30h de lunes a viernes.&nbsp;<\/p><p>\u00b7 <em><strong>El coste ser\u00e1 gratuito para los socios del AMPA EL ARMELAR.<\/strong><\/em><\/p><p>\u00b7 Para los&nbsp;<strong>no socios&nbsp;<\/strong>tendr\u00e1 un coste de&nbsp;<strong>16\u20ac al mes<\/strong>&nbsp;(cuota fija al mes, \u00b7 independientemente de los d\u00edas u horas que se utilice).&nbsp;<\/p><p>\u00b7 Este servicio comenzar\u00e1 el 1 de octubre.&nbsp;<\/p><p>\u00b7 El aula estar\u00e1 ubicada en el pabell\u00f3n 4, primero de la ESO.<\/p><p>\u00b7 La salida ser\u00e1 por la puerta de Terramelar a las 18:30h<\/p><\/blockquote>\n\n\n\n<p><em><strong>ALUMNOS DE INFANTIL<\/strong><\/em>: ser\u00e1n recogidos por la monitora en su aula, deben llevar una nota a la vista que ponga \u00abAula tiempo libre\u00bb e informar a la tutora correspondiente.<br><em><strong>ALUMNOS 1\u00ba Y 2\u00ba PRIMARI<\/strong><\/em><em><strong>A<\/strong><\/em>: la monitora los esperar\u00e1 en la puerta de su pabell\u00f3n<em><strong><br><\/strong><\/em><em><strong>RESTO DE ALUMNOS<\/strong><\/em>: punto de encuentro, las gradas del pabellon 4 de la ESO.<br>Aquellos que est\u00e9is interesados y cumpl\u00e1is los requisitos, ya pod\u00e9is realizar la preinscripci\u00f3n.<\/p>\n","protected":false},"excerpt":{"rendered":"<p>Como ya iniciamos el curso pasado, este curso seguiremos ofertando a las familias el servicio de&nbsp;AULA DE TIEMPO LIBRE.,&nbsp;servicio atendido por monitores\/as de ocio y tiempo libre para: los hijos de mam\u00e1s o pap\u00e1s inscritos en pilates para hermanos de <a href=\"https:\/\/ampaelarmelar.org\/index.php\/aula-tiempo-libre\/\" class=\"read-more\">Leer m\u00e1s&#8230;<\/a><\/p>\n","protected":false},"author":1,"featured_media":0,"parent":0,"menu_order":0,"comment_status":"closed","ping_status":"closed","template":"","meta":{"footnotes":""},"class_list":["post-105","page","type-page","status-publish","hentry"],"jetpack_sharing_enabled":true,"_links":{"self":[{"href":"https:\/\/ampaelarmelar.org\/index.php\/wp-json\/wp\/v2\/pages\/105","targetHints":{"allow":["GET"]}}],"collection":[{"href":"https:\/\/ampaelarmelar.org\/index.php\/wp-json\/wp\/v2\/pages"}],"about":[{"href":"https:\/\/ampaelarmelar.org\/index.php\/wp-json\/wp\/v2\/types\/page"}],"author":[{"embeddable":true,"href":"https:\/\/ampaelarmelar.org\/index.php\/wp-json\/wp\/v2\/users\/1"}],"replies":[{"embeddable":true,"href":"https:\/\/ampaelarmelar.org\/index.php\/wp-json\/wp\/v2\/comments?post=105"}],"version-history":[{"count":4,"href":"https:\/\/ampaelarmelar.org\/index.php\/wp-json\/wp\/v2\/pages\/105\/revisions"}],"predecessor-version":[{"id":126,"href":"https:\/\/ampaelarmelar.org\/index.php\/wp-json\/wp\/v2\/pages\/105\/revisions\/126"}],"wp:attachment":[{"href":"https:\/\/ampaelarmelar.org\/index.php\/wp-json\/wp\/v2\/media?parent=105"}],"curies":[{"name":"wp","href":"https:\/\/api.w.org\/{rel}","templated":true}]}}